{"id":283,"date":"2024-10-21T11:40:31","date_gmt":"2024-10-21T11:40:31","guid":{"rendered":"https:\/\/wp-rgs.astravisium.com\/?page_id=283"},"modified":"2025-05-14T16:51:04","modified_gmt":"2025-05-14T16:51:04","slug":"product-category","status":"publish","type":"page","link":"https:\/\/roosgordijnenservice.nl\/index.php\/product-category\/","title":{"rendered":"Product Category"},"content":{"rendered":"\t\t<div data-elementor-type=\"wp-page\" data-elementor-id=\"283\" class=\"elementor elementor-283\" data-elementor-post-type=\"page\">\n\t\t\t\t<div class=\"elementor-element elementor-element-db2f01b e-con-full e-flex e-con e-parent\" data-id=\"db2f01b\" data-element_type=\"container\" data-settings=\"{&quot;background_background&quot;:&quot;classic&quot;}\">\n\t\t\t\t<div class=\"elementor-element elementor-element-817eadb elementor-widget elementor-widget-heading\" data-id=\"817eadb\" data-element_type=\"widget\" data-widget_type=\"heading.default\">\n\t\t\t\t<div class=\"elementor-widget-container\">\n\t\t\t\t\t<h2 class=\"elementor-heading-title elementor-size-default\">Product Categorie\u00ebn<\/h2>\t\t\t\t<\/div>\n\t\t\t\t<\/div>\n\t\t\t\t<\/div>\n\t\t<div class=\"elementor-element elementor-element-1799ec8 e-con-full e-flex e-con e-parent\" data-id=\"1799ec8\" data-element_type=\"container\">\n\t\t<div class=\"elementor-element elementor-element-bf40fda e-con-full e-flex e-con e-child\" data-id=\"bf40fda\" data-element_type=\"container\">\n\t\t<a class=\"elementor-element elementor-element-56c3e00 e-con-full e-flex e-con e-child\" data-id=\"56c3e00\" data-element_type=\"container\" data-settings=\"{&quot;background_background&quot;:&quot;classic&quot;}\" href=\"https:\/\/roosgordijnenservice.nl\/index.php\/gordijnen\/\">\n\t\t<div class=\"elementor-element elementor-element-a1ab9da e-con-full e-flex e-con e-child\" data-id=\"a1ab9da\" data-element_type=\"container\" data-settings=\"{&quot;background_background&quot;:&quot;classic&quot;}\">\n\t\t\t\t<\/div>\n\t\t<div class=\"elementor-element elementor-element-fcd6841 e-con-full e-flex e-con e-child\" data-id=\"fcd6841\" data-element_type=\"container\" data-settings=\"{&quot;background_background&quot;:&quot;classic&quot;}\">\n\t\t\t\t<div class=\"elementor-element elementor-element-b3f8f1d elementor-widget elementor-widget-heading\" data-id=\"b3f8f1d\" data-element_type=\"widget\" data-widget_type=\"heading.default\">\n\t\t\t\t<div class=\"elementor-widget-container\">\n\t\t\t\t\t<h2 class=\"elementor-heading-title elementor-size-default\">Gordijnen<\/h2>\t\t\t\t<\/div>\n\t\t\t\t<\/div>\n\t\t\t\t<\/div>\n\t\t\t\t<\/a>\n\t\t<a class=\"elementor-element elementor-element-8b2f087 e-con-full e-flex e-con e-child\" data-id=\"8b2f087\" data-element_type=\"container\" data-settings=\"{&quot;background_background&quot;:&quot;classic&quot;}\" href=\"https:\/\/roosgordijnenservice.nl\/index.php\/rolgordijnen\/\">\n\t\t<div class=\"elementor-element elementor-element-a144918 e-con-full e-flex e-con e-child\" data-id=\"a144918\" data-element_type=\"container\" data-settings=\"{&quot;background_background&quot;:&quot;classic&quot;}\">\n\t\t\t\t<\/div>\n\t\t<div class=\"elementor-element elementor-element-91f3c37 e-con-full e-flex e-con e-child\" data-id=\"91f3c37\" data-element_type=\"container\" data-settings=\"{&quot;background_background&quot;:&quot;classic&quot;}\">\n\t\t\t\t<div class=\"elementor-element elementor-element-0a346c7 elementor-widget elementor-widget-heading\" data-id=\"0a346c7\" data-element_type=\"widget\" data-widget_type=\"heading.default\">\n\t\t\t\t<div class=\"elementor-widget-container\">\n\t\t\t\t\t<h2 class=\"elementor-heading-title elementor-size-default\">Rolgordijnen<\/h2>\t\t\t\t<\/div>\n\t\t\t\t<\/div>\n\t\t\t\t<\/div>\n\t\t\t\t<\/a>\n\t\t<a class=\"elementor-element elementor-element-84ccda5 e-con-full e-flex e-con e-child\" data-id=\"84ccda5\" data-element_type=\"container\" data-settings=\"{&quot;background_background&quot;:&quot;classic&quot;}\" href=\"https:\/\/roosgordijnenservice.nl\/index.php\/plisse\/\">\n\t\t<div class=\"elementor-element elementor-element-39fd0eb e-con-full e-flex e-con e-child\" data-id=\"39fd0eb\" data-element_type=\"container\" data-settings=\"{&quot;background_background&quot;:&quot;classic&quot;}\">\n\t\t\t\t<\/div>\n\t\t<div class=\"elementor-element elementor-element-bb2da20 e-con-full e-flex e-con e-child\" data-id=\"bb2da20\" data-element_type=\"container\" data-settings=\"{&quot;background_background&quot;:&quot;classic&quot;}\">\n\t\t\t\t<div class=\"elementor-element elementor-element-1de69b3 elementor-widget elementor-widget-heading\" data-id=\"1de69b3\" data-element_type=\"widget\" data-widget_type=\"heading.default\">\n\t\t\t\t<div class=\"elementor-widget-container\">\n\t\t\t\t\t<h2 class=\"elementor-heading-title elementor-size-default\">Pliss\u00e9 en Duette<\/h2>\t\t\t\t<\/div>\n\t\t\t\t<\/div>\n\t\t\t\t<\/div>\n\t\t\t\t<\/a>\n\t\t\t\t<\/div>\n\t\t<div class=\"elementor-element elementor-element-3ab92ab e-con-full e-flex e-con e-child\" data-id=\"3ab92ab\" data-element_type=\"container\">\n\t\t<a class=\"elementor-element elementor-element-7b1f29e e-con-full e-flex e-con e-child\" data-id=\"7b1f29e\" data-element_type=\"container\" data-settings=\"{&quot;background_background&quot;:&quot;classic&quot;}\" href=\"https:\/\/roosgordijnenservice.nl\/index.php\/houten-jaloezieen\/\">\n\t\t<div class=\"elementor-element elementor-element-cb6e891 e-con-full e-flex e-con e-child\" data-id=\"cb6e891\" data-element_type=\"container\" data-settings=\"{&quot;background_background&quot;:&quot;classic&quot;}\">\n\t\t\t\t<\/div>\n\t\t<div class=\"elementor-element elementor-element-8fe3427 e-con-full e-flex e-con e-child\" data-id=\"8fe3427\" data-element_type=\"container\" data-settings=\"{&quot;background_background&quot;:&quot;classic&quot;}\">\n\t\t\t\t<div class=\"elementor-element elementor-element-11b452a elementor-widget elementor-widget-heading\" data-id=\"11b452a\" data-element_type=\"widget\" data-widget_type=\"heading.default\">\n\t\t\t\t<div class=\"elementor-widget-container\">\n\t\t\t\t\t<h2 class=\"elementor-heading-title elementor-size-default\">Houten Jaloezi\u00ebn<\/h2>\t\t\t\t<\/div>\n\t\t\t\t<\/div>\n\t\t\t\t<\/div>\n\t\t\t\t<\/a>\n\t\t<a class=\"elementor-element elementor-element-8f6caa2 e-con-full e-flex e-con e-child\" data-id=\"8f6caa2\" data-element_type=\"container\" data-settings=\"{&quot;background_background&quot;:&quot;classic&quot;}\" href=\"https:\/\/roosgordijnenservice.nl\/index.php\/aluminium-jaloezieen\/\">\n\t\t<div class=\"elementor-element elementor-element-11235d1 e-con-full e-flex e-con e-child\" data-id=\"11235d1\" data-element_type=\"container\" data-settings=\"{&quot;background_background&quot;:&quot;classic&quot;}\">\n\t\t\t\t<\/div>\n\t\t<div class=\"elementor-element elementor-element-026e0b3 e-con-full e-flex e-con e-child\" data-id=\"026e0b3\" data-element_type=\"container\" data-settings=\"{&quot;background_background&quot;:&quot;classic&quot;}\">\n\t\t\t\t<div class=\"elementor-element elementor-element-af05277 elementor-widget elementor-widget-heading\" data-id=\"af05277\" data-element_type=\"widget\" data-widget_type=\"heading.default\">\n\t\t\t\t<div class=\"elementor-widget-container\">\n\t\t\t\t\t<h2 class=\"elementor-heading-title elementor-size-default\">Aluminium Jaloezie\u00ebn<\/h2>\t\t\t\t<\/div>\n\t\t\t\t<\/div>\n\t\t\t\t<\/div>\n\t\t\t\t<\/a>\n\t\t<a class=\"elementor-element elementor-element-8fe0624 e-con-full e-flex e-con e-child\" data-id=\"8fe0624\" data-element_type=\"container\" data-settings=\"{&quot;background_background&quot;:&quot;classic&quot;}\" href=\"https:\/\/roosgordijnenservice.nl\/index.php\/gripfix-plisse\/\">\n\t\t<div class=\"elementor-element elementor-element-1907227 e-con-full e-flex e-con e-child\" data-id=\"1907227\" data-element_type=\"container\" data-settings=\"{&quot;background_background&quot;:&quot;classic&quot;}\">\n\t\t\t\t<\/div>\n\t\t<div class=\"elementor-element elementor-element-b0d2504 e-con-full e-flex e-con e-child\" data-id=\"b0d2504\" data-element_type=\"container\" data-settings=\"{&quot;background_background&quot;:&quot;classic&quot;}\">\n\t\t\t\t<div class=\"elementor-element elementor-element-f8973ea elementor-widget elementor-widget-heading\" data-id=\"f8973ea\" data-element_type=\"widget\" data-widget_type=\"heading.default\">\n\t\t\t\t<div class=\"elementor-widget-container\">\n\t\t\t\t\t<h2 class=\"elementor-heading-title elementor-size-default\">Grip-fix Pliss\u00e9<\/h2>\t\t\t\t<\/div>\n\t\t\t\t<\/div>\n\t\t\t\t<\/div>\n\t\t\t\t<\/a>\n\t\t\t\t<\/div>\n\t\t<div class=\"elementor-element elementor-element-530a0b2 e-con-full e-flex e-con e-child\" data-id=\"530a0b2\" data-element_type=\"container\">\n\t\t<a class=\"elementor-element elementor-element-ebc5fb0 e-con-full e-flex e-con e-child\" data-id=\"ebc5fb0\" data-element_type=\"container\" data-settings=\"{&quot;background_background&quot;:&quot;classic&quot;}\" href=\"https:\/\/roosgordijnenservice.nl\/index.php\/gripfix-duettes\/\">\n\t\t<div class=\"elementor-element elementor-element-7a0b5d8 e-con-full e-flex e-con e-child\" data-id=\"7a0b5d8\" data-element_type=\"container\" data-settings=\"{&quot;background_background&quot;:&quot;classic&quot;}\">\n\t\t\t\t<\/div>\n\t\t<div class=\"elementor-element elementor-element-9febfc1 e-con-full e-flex e-con e-child\" data-id=\"9febfc1\" data-element_type=\"container\" data-settings=\"{&quot;background_background&quot;:&quot;classic&quot;}\">\n\t\t\t\t<div class=\"elementor-element elementor-element-822a1cc elementor-widget elementor-widget-heading\" data-id=\"822a1cc\" data-element_type=\"widget\" data-widget_type=\"heading.default\">\n\t\t\t\t<div class=\"elementor-widget-container\">\n\t\t\t\t\t<h2 class=\"elementor-heading-title elementor-size-default\">Grip-fix Duettes<\/h2>\t\t\t\t<\/div>\n\t\t\t\t<\/div>\n\t\t\t\t<\/div>\n\t\t\t\t<\/a>\n\t\t<a class=\"elementor-element elementor-element-587db48 e-con-full e-flex e-con e-child\" data-id=\"587db48\" data-element_type=\"container\" data-settings=\"{&quot;background_background&quot;:&quot;classic&quot;}\" href=\"https:\/\/roosgordijnenservice.nl\/index.php\/gripfix-jaloezieen\/\">\n\t\t<div class=\"elementor-element elementor-element-80f8b8b e-con-full e-flex e-con e-child\" data-id=\"80f8b8b\" data-element_type=\"container\" data-settings=\"{&quot;background_background&quot;:&quot;classic&quot;}\">\n\t\t\t\t<\/div>\n\t\t<div class=\"elementor-element elementor-element-42c7073 e-con-full e-flex e-con e-child\" data-id=\"42c7073\" data-element_type=\"container\" data-settings=\"{&quot;background_background&quot;:&quot;classic&quot;}\">\n\t\t\t\t<div class=\"elementor-element elementor-element-7492c76 elementor-widget elementor-widget-heading\" data-id=\"7492c76\" data-element_type=\"widget\" data-widget_type=\"heading.default\">\n\t\t\t\t<div class=\"elementor-widget-container\">\n\t\t\t\t\t<h2 class=\"elementor-heading-title elementor-size-default\">Grip-fix Jaloezie\u00ebn<\/h2>\t\t\t\t<\/div>\n\t\t\t\t<\/div>\n\t\t\t\t<\/div>\n\t\t\t\t<\/a>\n\t\t\t\t<\/div>\n\t\t\t\t<\/div>\n\t\t\t\t<\/div>\n\t\t","protected":false},"excerpt":{"rendered":"<p>Product Categorie\u00ebn Gordijnen Rolgordijnen Pliss\u00e9 en Duette Houten Jaloezi\u00ebn Aluminium Jaloezie\u00ebn Grip-fix Pliss\u00e9 Grip-fix Duettes Grip-fix Jaloezie\u00ebn<\/p>\n","protected":false},"author":1,"featured_media":0,"parent":0,"menu_order":0,"comment_status":"closed","ping_status":"closed","template":"","meta":{"footnotes":""},"class_list":["post-283","page","type-page","status-publish","hentry"],"_links":{"self":[{"href":"https:\/\/roosgordijnenservice.nl\/index.php\/wp-json\/wp\/v2\/pages\/283","targetHints":{"allow":["GET"]}}],"collection":[{"href":"https:\/\/roosgordijnenservice.nl\/index.php\/wp-json\/wp\/v2\/pages"}],"about":[{"href":"https:\/\/roosgordijnenservice.nl\/index.php\/wp-json\/wp\/v2\/types\/page"}],"author":[{"embeddable":true,"href":"https:\/\/roosgordijnenservice.nl\/index.php\/wp-json\/wp\/v2\/users\/1"}],"replies":[{"embeddable":true,"href":"https:\/\/roosgordijnenservice.nl\/index.php\/wp-json\/wp\/v2\/comments?post=283"}],"version-history":[{"count":64,"href":"https:\/\/roosgordijnenservice.nl\/index.php\/wp-json\/wp\/v2\/pages\/283\/revisions"}],"predecessor-version":[{"id":1930,"href":"https:\/\/roosgordijnenservice.nl\/index.php\/wp-json\/wp\/v2\/pages\/283\/revisions\/1930"}],"wp:attachment":[{"href":"https:\/\/roosgordijnenservice.nl\/index.php\/wp-json\/wp\/v2\/media?parent=283"}],"curies":[{"name":"wp","href":"https:\/\/api.w.org\/{rel}","templated":true}]}}